{"id":766,"date":"2020-03-06T13:56:04","date_gmt":"2020-03-06T13:56:04","guid":{"rendered":"https:\/\/www.icmoraira.es\/politica-de-cookies\/"},"modified":"2020-09-25T12:14:39","modified_gmt":"2020-09-25T12:14:39","slug":"politica-de-cookies","status":"publish","type":"page","link":"https:\/\/www.icmoraira.es\/es\/politica-de-cookies\/","title":{"rendered":"POL\u00cdTICA DE COOKIES"},"content":{"rendered":"\t\t<div data-elementor-type=\"wp-page\" data-elementor-id=\"766\" class=\"elementor elementor-766 elementor-757\" data-elementor-post-type=\"page\">\n\t\t\t\t\t\t<section class=\"elementor-section elementor-top-section elementor-element elementor-element-f5d535e elementor-section-stretched elementor-section-boxed elementor-section-height-default elementor-section-height-default\" data-id=\"f5d535e\" data-element_type=\"section\" data-e-type=\"section\" data-settings=\"{&quot;stretch_section&quot;:&quot;section-stretched&quot;}\">\n\t\t\t\t\t\t<div class=\"elementor-container elementor-column-gap-default\">\n\t\t\t\t\t<div class=\"elementor-column elementor-col-100 elementor-top-column elementor-element elementor-element-6384279\" data-id=\"6384279\" data-element_type=\"column\" data-e-type=\"column\">\n\t\t\t<div class=\"elementor-widget-wrap elementor-element-populated\">\n\t\t\t\t\t\t<div class=\"elementor-element elementor-element-719cc1c elementor-widget elementor-widget-text-editor\" data-id=\"719cc1c\" data-element_type=\"widget\" data-e-type=\"widget\" data-widget_type=\"text-editor.default\">\n\t\t\t\t<div class=\"elementor-widget-container\">\n\t\t\t\t\t\t\t\t\t<h1>POL\u00cdTICA DE COOKIES<\/h1><hr \/><h2>INFORMACI\u00d3N SOBRE COOKIES<\/h2><p>Debido a la entrada en vigor de la referente modificaci\u00f3n de la \u00abLey de Servicios de la Sociedad de la Informaci\u00f3n\u00bb\u00a0(LSSICE) establecida por el Real Decreto 13\/2012, es de obligaci\u00f3n obtener el consentimiento expreso del usuario de todas las p\u00e1ginas web que usan cookies prescindibles, antes de que este navegue por ellas.<\/p><h2>\u00bfQU\u00c9 SON LAS COOKIES?<\/h2><p>Las cookies y otras tecnolog\u00edas similares tales como local shared objects, flash cookies o p\u00edxeles, son herramientas\u00a0empleadas por los servidores Web para almacenar y recuperar informaci\u00f3n acerca de sus visitantes, as\u00ed como para ofrecer un correcto funcionamiento del sitio.<\/p><p>Mediante el uso de estos dispositivos se permite al servidor Web recordar algunos datos concernientes al usuario,\u00a0como sus preferencias para la visualizaci\u00f3n de las p\u00e1ginas de ese servidor, nombre y contrase\u00f1a, productos que m\u00e1s le interesan, etc.<\/p><h2>COOKIES AFECTADAS POR LA NORMATIVA Y COOKIES EXCEPTUADAS<\/h2><p>Seg\u00fan la directiva de la UE, las cookies que requieren el consentimiento informado por parte del usuario son las cookies de anal\u00edtica y las de publicidad y afiliaci\u00f3n, quedando exceptuadas las de car\u00e1cter t\u00e9cnico y las necesarias para el\u00a0funcionamiento del sitio web o la prestaci\u00f3n de servicios expresamente solicitados por el usuario.<\/p><h2>TIPOS DE COOKIES UTILIZADAS EN ESTE SITIO WEB<\/h2><p>SEG\u00daN LA FINALIDAD<\/p><ul><li><strong>Cookies t\u00e9cnicas y funcionales<\/strong>: son aquellas que permiten al usuario la navegaci\u00f3n a trav\u00e9s de una p\u00e1gina web, plataforma o aplicaci\u00f3n y la utilizaci\u00f3n de las diferentes opciones o servicios que en ella existan.<\/li><li><strong>Cookies anal\u00edticas<\/strong>: son aquellas que permiten al responsable de las mismas el seguimiento y an\u00e1lisis del\u00a0comportamiento de los usuarios de los sitios web a los que est\u00e1n vinculadas. La informaci\u00f3n recogida mediante<br \/>este tipo de cookies se utiliza en la medici\u00f3n de la actividad de los sitios web, aplicaci\u00f3n o plataforma y para la\u00a0elaboraci\u00f3n de perfiles de navegaci\u00f3n de los usuarios de dichos sitios, aplicaciones y plataformas, con el fin de introducir mejoras en funci\u00f3n del an\u00e1lisis de los datos de uso que hacen los usuarios del servicio.<\/li><li><strong>Cookies publicitarias<\/strong>: son aquellas que permiten la gesti\u00f3n, de la forma m\u00e1s eficaz posible, de los espacios publicitarios que, en su caso, el editor haya incluido en una p\u00e1gina web, aplicaci\u00f3n o plataforma desde la que<br \/>presta el servicio solicitado en base a criterios como el contenido editado o la frecuencia en la que se muestran\u00a0los anuncios.<\/li><li><strong>Cookies de publicidad comportamental:<\/strong>\u00a0recogen informaci\u00f3n sobre las preferencias y elecciones personales del usuario (retargeting) para permitir la gesti\u00f3n, de la forma m\u00e1s eficaz posible, de los espacios publicitarios<br \/>que, en su caso, el editor haya incluido en una p\u00e1gina web, aplicaci\u00f3n o plataforma desde la que presta el\u00a0servicio solicitado.<\/li><li><strong>Cookies sociales<\/strong>: son establecidas por las plataformas de redes sociales en los servicios para permitirle compartir contenido con sus amigos y redes. Las plataformas de medios sociales tienen la capacidad de rastrear\u00a0su actividad en l\u00ednea fuera de los Servicios. Esto puede afectar al contenido y los mensajes que ve en otros servicios que visita.<\/li><li><strong>Cookies de afiliados<\/strong>: permiten hacer un seguimiento de las visitas procedentes de otras webs, con las que el\u00a0sitio web establece un contrato de afiliaci\u00f3n (empresas de afiliaci\u00f3n).<\/li><li><strong>Cookies de seguridad<\/strong>: almacenan informaci\u00f3n cifrada para evitar que los datos guardados en ellas sean<br \/>vulnerables a ataques maliciosos de terceros.<\/li><\/ul><p>SEG\u00daN LA PROPIEDAD<\/p><ul><li><strong>Cookies propias<\/strong>: son aquellas que se env\u00edan al equipo terminal del usuario desde un equipo o dominio\u00a0gestionado por el propio editor y desde el que se presta el servicio solicitado por el usuario.<\/li><li><strong>Cookies de terceros<\/strong>: son aquellas que se env\u00edan al equipo terminal del usuario desde un equipo o dominio\u00a0que no es gestionado por el editor, sino por otra entidad que trata los datos obtenidos trav\u00e9s de las cookies.<\/li><\/ul><p>SEG\u00daN EL PLAZO DE CONSERVACI\u00d3N<\/p><ul><li><strong>Cookies de sesi\u00f3n<\/strong>: son un tipo de cookies dise\u00f1adas para recabar y almacenar datos mientras el usuario\u00a0accede a una p\u00e1gina web.<\/li><li><strong>Cookies persistentes<\/strong>: son un tipo de cookies en el que los datos siguen almacenados en el terminal y pueden\u00a0ser accedidos y tratados durante un per\u00edodo definido por el responsable de la cookie, y que puede ir de unos\u00a0minutos a varios a\u00f1os.<\/li><\/ul><h2>TRATAMIENTO DE DATOS PERSONALES<\/h2><p>GUILLERMO HENRIQUE CAMPMAN es el Responsable del tratamiento de los datos personales del Interesado y le\u00a0informa de que estos datos ser\u00e1n tratados de conformidad con lo dispuesto en el Reglamento (UE) 2016\/679, de 27 de abril de 2016 (GDPR), por lo que se le facilita la siguiente informaci\u00f3n del tratamiento:<\/p><p><strong>Fines del tratamiento<\/strong>: seg\u00fan se especifica en el apartado de cookies que se utilizan en este sitio web.<\/p><p><strong>Legitimaci\u00f3n del tratamiento<\/strong>: por consentimiento del interesado (art. 6.1 GDPR).<\/p><p><strong>Criterios de conservaci\u00f3n de los datos<\/strong>: seg\u00fan se especifica en el apartado de cookies utilizadas en la web.<\/p><p><strong>Comunicaci\u00f3n de los datos<\/strong>: no se comunicar\u00e1n los datos a terceros, excepto en cookies propiedad de terceros o por\u00a0obligaci\u00f3n legal.<\/p><p><strong>Derechos que asisten al Interesado<\/strong>:<br \/>\u2013 Derecho a retirar el consentimiento en cualquier momento.<br \/>\u2013 Derecho de acceso, rectificaci\u00f3n, portabilidad y supresi\u00f3n de sus datos, y de limitaci\u00f3n u oposici\u00f3n a su tratamiento.<br \/>\u2013 Derecho a presentar una reclamaci\u00f3n ante la Autoridad de control (www.aepd.es) si considera que el tratamiento no<br \/>se ajusta a la normativa vigente.<\/p><p><strong>Datos de contacto para ejercer sus derechos<\/strong>:<br \/>GUILLERMO HENRIQUE CAMPMAN. CTRA. MORAIRA A CALPE, 124 \u2013 03724 MORAIRA (Alicante). Email:\u00a0<a href=\"mailto:ICMORAIRA@HOTMAIL.COM\">ICMORAIRA@HOTMAIL.COM<\/a><\/p><p>\u00a0<\/p><p>\u00a0<\/p><p>\u00a0<\/p><h2>PANEL DE CONFIGURACI\u00d3N DE COOKIES<\/h2><p>Desde este panel podr\u00e1 configurar las cookies que el sitio web puede instalar en su navegador, excepto las cookies t\u00e9cnicas o funcionales que son necesarias para la navegaci\u00f3n y la utilizaci\u00f3n de las diferentes opciones o servicios que<br \/>se ofrecen.<\/p><p>Las cookies seleccionadas indican que el usuario autoriza la instalaci\u00f3n en su navegador y el tratamiento de datos bajo\u00a0las condiciones reflejadas en la Pol\u00edtica de cookies.<\/p><p>El usuario puede marcar o desmarcar el selector seg\u00fan se desee aceptar o rechazar la instalaci\u00f3n de cookies.<\/p><h3>COOKIES CONTROLADAS POR EL EDITOR<\/h3><p><strong>T\u00e9cnicas y funcionales<\/strong><\/p><table width=\"100%\"><tbody><tr><td><strong>Propiedad<\/strong><\/td><td><strong>Cookie<\/strong><\/td><td><strong>Finalidad<\/strong><\/td><td><strong>Plazo<\/strong><\/td><\/tr><tr><td>icmoraira.es<\/td><td>_icl_visitor_lang_js<\/td><td>\u2013<\/td><td>en 20 horas<\/td><\/tr><tr><td>icmoraira.es<\/td><td>cookie_notice_accepted<\/td><td>\u2013<\/td><td>en un mes\/TD&gt;<\/td><\/tr><tr><td>icmoraira.es<\/td><td>wpml_browser_redirect_test<\/td><td>\u2013<\/td><td>Sesi\u00f3n<\/td><\/tr><\/tbody><\/table><h3>COOKIES DE TERCEROS NO CONTROLADAS POR EL EDITOR<\/h3><p>Los servicios de terceros son ajenos al control del editor. Los proveedores pueden modificar en todo momento sus condiciones de servicio, finalidad y utilizaci\u00f3n de las cookies, etc.<\/p><p>Proveedores externos de este sitio web:\u00a0No se instalan cookies controladas por terceros<\/p><h3>C\u00d3MO GESTIONAR LAS COOKIES DESDE EL NAVEGADOR<\/h3><p><strong>Eliminar las cookies del dispositivo<\/strong><br \/>Las cookies que ya est\u00e1n en un dispositivo se pueden eliminar borrando el historial del\u00a0navegador, con lo que se suprimen las cookies de todos los sitios web visitados.\u00a0Sin embargo, tambi\u00e9n se puede perder parte de la informaci\u00f3n guardada (por ejemplo, los datos\u00a0de inicio de sesi\u00f3n o las preferencias de sitio web).<\/p><p><strong>Gestionar las cookies espec\u00edficas del sitio<\/strong><br \/>Para tener un control m\u00e1s preciso de las cookies espec\u00edficas de cada sitio, los usuarios pueden\u00a0ajustar su configuraci\u00f3n de privacidad y cookies en el navegador.<\/p><p><strong>Bloquear las cookies<\/strong><br \/>Aunque la mayor\u00eda de los navegadores modernos se pueden configurar para evitar que se\u00a0instalen cookies en los dispositivos, eso puede obligar al ajuste manual de determinadas\u00a0preferencias cada vez que se visite un sitio o p\u00e1gina. Adem\u00e1s, algunos servicios y caracter\u00edsticas\u00a0pueden no funcionar correctamente (por ejemplo, los inicios de sesi\u00f3n con perfil).<\/p><h3>C\u00d3MO ELIMINAR LAS COOKIES DE LOS NAVEGADORES M\u00c1S COMUNES<\/h3><p>Chrome\u00a0<a href=\"http:\/\/support.google.com\/chrome\/answer\/95647?hl=es\">http:\/\/support.google.com\/chrome\/answer\/95647?hl=es<\/a><br \/>Internet Explorer. Versi\u00f3n 11\u00a0<a href=\"https:\/\/support.microsoft.com\/es-es\/help\/278835\/how-to-delete-cookie-files-in-internet-explorer\">https:\/\/support.microsoft.com\/es-es\/help\/278835\/how-to-delete-cookie-files-in-internet-explorer<\/a><br \/>Firefox. Versi\u00f3n 65.0.1\u00a0<a href=\"https:\/\/www.mozilla.org\/es-ES\/privacy\/websites\/#cookies\" data-et-has-event-already=\"true\">https:\/\/www.mozilla.org\/es-ES\/privacy\/websites\/#cookies<\/a><br \/>Safari Versi\u00f3n 5.1\u00a0<a href=\"https:\/\/support.apple.com\/es-es\/guide\/safari\/sfri11471\/mac\">https:\/\/support.apple.com\/es-es\/guide\/safari\/sfri11471\/mac<\/a><br \/>Opera\u00a0<a href=\"https:\/\/help.opera.com\/en\/latest\/security-and-privacy\/#clearBrowsingData\" data-et-has-event-already=\"true\">https:\/\/help.opera.com\/en\/latest\/security-and-privacy\/#clearBrowsingData<\/a><\/p>\t\t\t\t\t\t\t\t<\/div>\n\t\t\t\t<\/div>\n\t\t\t\t\t<\/div>\n\t\t<\/div>\n\t\t\t\t\t<\/div>\n\t\t<\/section>\n\t\t\t\t<\/div>\n\t\t","protected":false},"excerpt":{"rendered":"<p>POL\u00cdTICA DE COOKIES INFORMACI\u00d3N SOBRE COOKIES Debido a la entrada en vigor de la referente modificaci\u00f3n de la \u00abLey de Servicios de la Sociedad de la Informaci\u00f3n\u00bb\u00a0(LSSICE) establecida por el Real Decreto 13\/2012, es de obligaci\u00f3n obtener el consentimiento expreso del usuario de todas las p\u00e1ginas web que usan cookies prescindibles, antes de que este &#8230; <a title=\"POL\u00cdTICA DE COOKIES\" class=\"read-more\" href=\"https:\/\/www.icmoraira.es\/es\/politica-de-cookies\/\" aria-label=\"Leer m\u00e1s sobre POL\u00cdTICA DE COOKIES\">Leer m\u00e1s<\/a><\/p>\n","protected":false},"author":1,"featured_media":0,"parent":0,"menu_order":0,"comment_status":"closed","ping_status":"closed","template":"elementor_header_footer","meta":{"footnotes":""},"class_list":["post-766","page","type-page","status-publish"],"aioseo_notices":[],"_links":{"self":[{"href":"https:\/\/www.icmoraira.es\/es\/wp-json\/wp\/v2\/pages\/766","targetHints":{"allow":["GET"]}}],"collection":[{"href":"https:\/\/www.icmoraira.es\/es\/wp-json\/wp\/v2\/pages"}],"about":[{"href":"https:\/\/www.icmoraira.es\/es\/wp-json\/wp\/v2\/types\/page"}],"author":[{"embeddable":true,"href":"https:\/\/www.icmoraira.es\/es\/wp-json\/wp\/v2\/users\/1"}],"replies":[{"embeddable":true,"href":"https:\/\/www.icmoraira.es\/es\/wp-json\/wp\/v2\/comments?post=766"}],"version-history":[{"count":3,"href":"https:\/\/www.icmoraira.es\/es\/wp-json\/wp\/v2\/pages\/766\/revisions"}],"predecessor-version":[{"id":865,"href":"https:\/\/www.icmoraira.es\/es\/wp-json\/wp\/v2\/pages\/766\/revisions\/865"}],"wp:attachment":[{"href":"https:\/\/www.icmoraira.es\/es\/wp-json\/wp\/v2\/media?parent=766"}],"curies":[{"name":"wp","href":"https:\/\/api.w.org\/{rel}","templated":true}]}}